{"id":1525,"date":"2015-10-14T21:35:01","date_gmt":"2015-10-14T21:35:01","guid":{"rendered":"http:\/\/kp.janwizerunek.pl\/?page_id=1525"},"modified":"2016-04-06T16:03:40","modified_gmt":"2016-04-06T16:03:40","slug":"downloads","status":"publish","type":"page","link":"https:\/\/kosciolpokoju.pl\/en\/downloads\/","title":{"rendered":"Downloads"},"content":{"rendered":"<h3>The pack of logos<\/h3>\n<p>Church of Peace (<span id=\"result_box\" class=\"short_text\" lang=\"en\">version: <span class=\"\">vertical, horizontal<\/span><\/span>) \/ ZIP<br \/>\n<span style=\"color: #999999;\">AI (Adobe Illustrator) \/ PDF (Adobe Reader) \/ PNG (dowolny program graficzny)<\/span><br \/>\n<a href=\"https:\/\/kp.janwizerunek.pl\/wp-content\/uploads\/2015\/10\/KP_logo_paczka.zip\">Download &gt;<\/a><\/p>\n<h3>The pack of photos<\/h3>\n<p>26 photos\/ ZIP \/ 57 MB<br \/>\n<span style=\"color: #999999;\">300 dpi, CMYK i RGB \/ Photo Bo\u017cena Pytel<\/span><br \/>\n<a href=\"\/download\/KP_FOTO.zip\"> Download &gt;<\/a><\/p>\n","protected":false},"excerpt":{"rendered":"<p>The pack of logos Church of Peace (version: vertical, horizontal) \/ ZIP AI (Adobe Illustrator) \/ PDF (Adobe Reader) \/ PNG (dowolny program graficzny) Download &gt; The pack of photos 26 photos\/ ZIP \/ 57 MB 300 dpi, CMYK i RGB \/ Photo Bo\u017cena Pytel Download &gt;<\/p>\n","protected":false},"author":1,"featured_media":0,"parent":0,"menu_order":0,"comment_status":"closed","ping_status":"closed","template":"","meta":{"footnotes":""},"yoast_head":"<!-- This site is optimized with the Yoast SEO plugin v20.4 - https:\/\/yoast.com\/wordpress\/plugins\/seo\/ -->\n<title>Downloads \/ Ko\u015bci\u00f3\u0142 Pokoju w \u015awidnicy<\/title>\n<meta name=\"description\" content=\"Downloads for media - logos, pictures\" \/>\n<meta name=\"robots\" content=\"index, follow, max-snippet:-1, max-image-preview:large, max-video-preview:-1\" \/>\n<link rel=\"canonical\" href=\"https:\/\/kosciolpokoju.pl\/en\/downloads\/\" \/>\n<meta property=\"og:locale\" content=\"en_US\" \/>\n<meta property=\"og:type\" content=\"article\" \/>\n<meta property=\"og:title\" content=\"Downloads \/ Ko\u015bci\u00f3\u0142 Pokoju w \u015awidnicy\" \/>\n<meta property=\"og:description\" content=\"Downloads for media - logos, pictures\" \/>\n<meta property=\"og:url\" content=\"https:\/\/kosciolpokoju.pl\/en\/downloads\/\" \/>\n<meta property=\"og:site_name\" content=\"Church of Peace | EN\" \/>\n<meta property=\"article:modified_time\" content=\"2016-04-06T16:03:40+00:00\" \/>\n<meta name=\"twitter:card\" content=\"summary_large_image\" \/>\n<script type=\"application\/ld+json\" class=\"yoast-schema-graph\">{\"@context\":\"https:\/\/schema.org\",\"@graph\":[{\"@type\":\"WebPage\",\"@id\":\"https:\/\/kosciolpokoju.pl\/en\/downloads\/\",\"url\":\"https:\/\/kosciolpokoju.pl\/en\/downloads\/\",\"name\":\"Downloads \/ Ko\u015bci\u00f3\u0142 Pokoju w \u015awidnicy\",\"isPartOf\":{\"@id\":\"https:\/\/kosciolpokoju.pl\/en\/#website\"},\"datePublished\":\"2015-10-14T21:35:01+00:00\",\"dateModified\":\"2016-04-06T16:03:40+00:00\",\"description\":\"Downloads for media - logos, pictures\",\"breadcrumb\":{\"@id\":\"https:\/\/kosciolpokoju.pl\/en\/downloads\/#breadcrumb\"},\"inLanguage\":\"en-US\",\"potentialAction\":[{\"@type\":\"ReadAction\",\"target\":[\"https:\/\/kosciolpokoju.pl\/en\/downloads\/\"]}]},{\"@type\":\"BreadcrumbList\",\"@id\":\"https:\/\/kosciolpokoju.pl\/en\/downloads\/#breadcrumb\",\"itemListElement\":[{\"@type\":\"ListItem\",\"position\":1,\"name\":\"Strona g\u0142\u00f3wna\",\"item\":\"https:\/\/kosciolpokoju.pl\/en\/\"},{\"@type\":\"ListItem\",\"position\":2,\"name\":\"Downloads\"}]},{\"@type\":\"WebSite\",\"@id\":\"https:\/\/kosciolpokoju.pl\/en\/#website\",\"url\":\"https:\/\/kosciolpokoju.pl\/en\/\",\"name\":\"Church of Peace | EN\",\"description\":\"The largest wooden baroque church in the world!\",\"potentialAction\":[{\"@type\":\"SearchAction\",\"target\":{\"@type\":\"EntryPoint\",\"urlTemplate\":\"https:\/\/kosciolpokoju.pl\/en\/?s={search_term_string}\"},\"query-input\":\"required name=search_term_string\"}],\"inLanguage\":\"en-US\"}]}<\/script>\n<!-- \/ Yoast SEO plugin. -->","yoast_head_json":{"title":"Downloads \/ Ko\u015bci\u00f3\u0142 Pokoju w \u015awidnicy","description":"Downloads for media - logos, pictures","robots":{"index":"index","follow":"follow","max-snippet":"max-snippet:-1","max-image-preview":"max-image-preview:large","max-video-preview":"max-video-preview:-1"},"canonical":"https:\/\/kosciolpokoju.pl\/en\/downloads\/","og_locale":"en_US","og_type":"article","og_title":"Downloads \/ Ko\u015bci\u00f3\u0142 Pokoju w \u015awidnicy","og_description":"Downloads for media - logos, pictures","og_url":"https:\/\/kosciolpokoju.pl\/en\/downloads\/","og_site_name":"Church of Peace | EN","article_modified_time":"2016-04-06T16:03:40+00:00","twitter_card":"summary_large_image","schema":{"@context":"https:\/\/schema.org","@graph":[{"@type":"WebPage","@id":"https:\/\/kosciolpokoju.pl\/en\/downloads\/","url":"https:\/\/kosciolpokoju.pl\/en\/downloads\/","name":"Downloads \/ Ko\u015bci\u00f3\u0142 Pokoju w \u015awidnicy","isPartOf":{"@id":"https:\/\/kosciolpokoju.pl\/en\/#website"},"datePublished":"2015-10-14T21:35:01+00:00","dateModified":"2016-04-06T16:03:40+00:00","description":"Downloads for media - logos, pictures","breadcrumb":{"@id":"https:\/\/kosciolpokoju.pl\/en\/downloads\/#breadcrumb"},"inLanguage":"en-US","potentialAction":[{"@type":"ReadAction","target":["https:\/\/kosciolpokoju.pl\/en\/downloads\/"]}]},{"@type":"BreadcrumbList","@id":"https:\/\/kosciolpokoju.pl\/en\/downloads\/#breadcrumb","itemListElement":[{"@type":"ListItem","position":1,"name":"Strona g\u0142\u00f3wna","item":"https:\/\/kosciolpokoju.pl\/en\/"},{"@type":"ListItem","position":2,"name":"Downloads"}]},{"@type":"WebSite","@id":"https:\/\/kosciolpokoju.pl\/en\/#website","url":"https:\/\/kosciolpokoju.pl\/en\/","name":"Church of Peace | EN","description":"The largest wooden baroque church in the world!","potentialAction":[{"@type":"SearchAction","target":{"@type":"EntryPoint","urlTemplate":"https:\/\/kosciolpokoju.pl\/en\/?s={search_term_string}"},"query-input":"required name=search_term_string"}],"inLanguage":"en-US"}]}},"_links":{"self":[{"href":"https:\/\/kosciolpokoju.pl\/en\/wp-json\/wp\/v2\/pages\/1525"}],"collection":[{"href":"https:\/\/kosciolpokoju.pl\/en\/wp-json\/wp\/v2\/pages"}],"about":[{"href":"https:\/\/kosciolpokoju.pl\/en\/wp-json\/wp\/v2\/types\/page"}],"author":[{"embeddable":true,"href":"https:\/\/kosciolpokoju.pl\/en\/wp-json\/wp\/v2\/users\/1"}],"replies":[{"embeddable":true,"href":"https:\/\/kosciolpokoju.pl\/en\/wp-json\/wp\/v2\/comments?post=1525"}],"version-history":[{"count":2,"href":"https:\/\/kosciolpokoju.pl\/en\/wp-json\/wp\/v2\/pages\/1525\/revisions"}],"predecessor-version":[{"id":1748,"href":"https:\/\/kosciolpokoju.pl\/en\/wp-json\/wp\/v2\/pages\/1525\/revisions\/1748"}],"wp:attachment":[{"href":"https:\/\/kosciolpokoju.pl\/en\/wp-json\/wp\/v2\/media?parent=1525"}],"curies":[{"name":"wp","href":"https:\/\/api.w.org\/{rel}","templated":true}]}}