{"id":42,"date":"2015-01-24T15:33:50","date_gmt":"2015-01-24T15:33:50","guid":{"rendered":"http:\/\/imicreationlive.com\/adore-church\/?page_id=42"},"modified":"2016-04-06T09:24:54","modified_gmt":"2016-04-06T09:24:54","slug":"about-us","status":"publish","type":"page","link":"https:\/\/kosciolpokoju.pl\/en\/about-us\/","title":{"rendered":"About us"},"content":{"rendered":"<h3 style=\"text-align: center;\"><span style=\"color: #000000;\">Welcome to the Church of Peace, where we have been hosting guests since 1989.<br \/>\nWe both moved here from Cieszyn (in Silesia).<\/span><\/h3>\n<p><span style=\"color: #000000;\">For 25 years we have been the hosts of the Church of Peace. The renovation of the church, conducted by specialists hired from Poland and Germany, was initiated in 1990s by Rev. Waldemar Pytel.<\/p>\n<p>For a quarter of a century we have been able to carry out a thorough renovation of the church and Peace Square. The maintenance works that have been carried out already include the installation of modern security systems, the replacement of the shingle roof, the strengthening of the walls, as well as the renovation of the altar, pulpit, large organs, gate, house of bell ringer, watchman&#8217;s house and evangelical high school. A part of the cemetery was also renovated, while the maintenance of 300-year-old Bibles and antique books continues to this day. While these works bring us great pride, the thing we are most proud of\u00a0 is the fact that our church entered the UNESCO World Heritage Site list in 2001.<\/span><\/p>\n<p><span style=\"color: #000000;\"><a href=\"https:\/\/kosciolpokoju.pl\/en\/wp-content\/uploads\/sites\/2\/2015\/01\/bp1.jpg\" data-rel=\"lightbox-image-0\" data-rl_title=\"\" data-rl_caption=\"\" title=\"\"><img loading=\"lazy\" decoding=\"async\" width=\"600\" height=\"294\" class=\"size-full wp-image-1410 aligncenter\" src=\"https:\/\/kosciolpokoju.pl\/en\/wp-content\/uploads\/sites\/2\/2015\/01\/bp1.jpg\" alt=\"bp\" srcset=\"https:\/\/kosciolpokoju.pl\/en\/wp-content\/uploads\/sites\/2\/2015\/01\/bp1.jpg 600w, https:\/\/kosciolpokoju.pl\/en\/wp-content\/uploads\/sites\/2\/2015\/01\/bp1-300x147.jpg 300w\" sizes=\"(max-width: 600px) 100vw, 600px\" \/><\/a><br \/>\n<\/span><\/p>\n<p><span style=\"color: #000000;\"><strong><br \/>\n<\/strong><\/span><\/p>\n<p><span style=\"color: #000000;\"><strong>Bishop Waldemar Pytel<\/strong> is a pastor of the Evangelical-Augsburg in \u015awidnica and the Bishop of the Wroc\u0142aw diocese of the Lutheran Church, which stretches from Karpacz to Szczecin. Frequently awarded for the protection of cultural sites and for his ecumenical activity, Bishop Waldemar Pytel is an avid football fan who cheers for \u015al\u0105sk Wroc\u0142aw and FC Barcelona. <\/span><\/p>\n<p><span style=\"color: #000000;\"><strong>Bo\u017cena Pytel<\/strong>, a sociologist, is responsible for the public relations and all the cultural and educational activities relating to the Church of Peace. Thanks to her efforts, a 17th century journal of one of \u015awidnica\u2019s inhabitants was able to be published. A play based on the journal\u2019s contents is also now being brought to the live stage by the actors of Teatr Stary in Krakow. In addition, Bo\u017cena Pytel has created the \u201cDolno\u015bl\u0105ski Szlak UNESCO\u201d (\u201cThe Lower-Silesian UNESCO Trail\u201d), which promotes Lower-Silesian historical monuments in Poland. As well as this, she has organised photography and journalism workshops for junior high school pupils from Toru\u0144, Zamo\u015b\u0107 and Wieliczka, plus creative writing classes (among others) for high school pupils and seniors from \u015awidnica. The author and organizer of the Artistic Summer in Plac Pokoju (\u201cPeace Square\u201d), Bo\u017cena has received a cultural award from the President of \u015awidnica. <\/span><\/p>\n<h3 style=\"text-align: center;\"><span style=\"color: #000000;\">We have been married for almost 30 years now and have two adult sons.<\/span><\/h3>\n<p><span style=\"color: #000000;\">Our parish has been in existence since 1652, when permission for the church to be built was first issued. Since that time, services have been constantly conducted here. To begin with, people prayed in a temporary structure, which was referred to as \u201cGod\u2019s Hut\u201d.<br \/>\nIn 1657 the first service took place within the Church\u2019s walls, and the faithful have been praying there ever since. This continuity is truly an exceptional case, as after World War II there was a huge movement of population in the area. Lower Silesia became a part of the Polish state and its German, mostly Protestant inhabitants, left to find a home in other lands. The newcomers from different parts of Poland were mostly Catholics. The Church of Peace, which was accustomed to holding at least a couple of thousand people, became abandoned. Today, only around 120 people gather in our Holy Trinity Parish. Despite this number however, our community plays a very active role. We are united by the daily services that are held not only in the Church of Peace, but also in Bielawa and Dzier\u017coni\u00f3w. We meet for mass ceremonies in the Church of Peace on Sundays at 10 am.<\/span><\/p>\n<h3 style=\"text-align: center;\"><span style=\"color: #000000;\">We are Protestants, more precisely &#8211; Evangelics, and more specifically &#8211; Lutherans. mi.<\/span><\/h3>\n<p><span style=\"color: #000000;\">We belong to the Lutheran Church, which is the largest Protestant church in Poland. Bishop Jerzy\u00a0 Samiec is the head of the Church, which has 71 thousand faithful (most of whom are from the Silesia region around Cieszyn \u015al\u0105ski) and we gather within the six dioceses. The name Lutheran Church comes from the creed composed in 1530 at the Diet of Augsburg. We refer to the Reformation initiated in 1517 by the Rev. Martin Luther, who encouraged the renewal of the Church. We recognize the sacraments of baptism and communion, confirmation, general confession and marriage. We believe in heaven and hell, we reject purgatory. Our priests do not apply celibacy. The service consists of the Liturgy of the Word and the Liturgy of Eucharist. Our basic principles are: <\/span><\/p>\n<p><span style=\"color: #000000;\"><strong>Solum Verbum (only Word)<\/strong> &#8211; The Word of God is the only source of grace and salvation.<br \/>\n<strong>Solus Christus (only Christ)<\/strong> &#8211; Jesus Christ is the mediator between God and man, belief in him is the way to salvation. Only he can be the object of worship, he is the head of the Church, not the pope. We do not recognize the cult of saints or Mary, yet still we show her respect.<br \/>\n<strong>Sola Scriptura (only Scripture)<\/strong> &#8211; the only source of faith and point of reference for an evangelical Christian is the Bible, and not conciliar ruling.<br \/>\n<strong>Sola Gratia (only Grace)<\/strong> &#8211; this is the grace of God that gives us salvation. A man can be justified by God &#8220;for free\/with no good deeds required&#8221; from the perspective of Grace.<\/span><\/p>\n","protected":false},"excerpt":{"rendered":"<p>Welcome to the Church of Peace, where we have been hosting guests since 1989. We both moved here from Cieszyn (in Silesia). For 25 years we have been the hosts of the Church of Peace. The renovation of the church, conducted by specialists hired from Poland and Germany, was initiated in 1990s by Rev. Waldemar Pytel. For a quarter of a century we have been able to carry out a thorough renovation of the church and Peace Square. The maintenance works that have been carried out already include the installation of modern security systems, the replacement of the shingle roof, the strengthening of the walls, as well as the renovation of the altar, pulpit, large organs, gate, house of bell ringer, watchman&#8217;s house and evangelical high school. A part of the cemetery was also renovated, while the maintenance of 300-year-old Bibles and antique books continues to this day. While these works bring us great pride, the thing we are most proud of\u00a0 is the fact that our church entered the UNESCO World Heritage Site list in 2001. Bishop Waldemar Pytel is a pastor of the Evangelical-Augsburg in \u015awidnica and the Bishop of the Wroc\u0142aw diocese of the Lutheran Church, which stretches from Karpacz to Szczecin. Frequently awarded for the protection of cultural sites and for his ecumenical activity, Bishop Waldemar Pytel is an avid football fan who cheers for \u015al\u0105sk Wroc\u0142aw and FC Barcelona. Bo\u017cena Pytel, a sociologist, is responsible for the public relations and all the cultural and educational activities relating to the Church of Peace. Thanks to her efforts, a 17th century journal of one of \u015awidnica\u2019s inhabitants was able to be published. A play based on the journal\u2019s contents is also now being brought to the live stage by the actors of Teatr Stary in Krakow. In addition, Bo\u017cena Pytel has created the \u201cDolno\u015bl\u0105ski Szlak UNESCO\u201d (\u201cThe Lower-Silesian UNESCO Trail\u201d), which promotes Lower-Silesian historical monuments in Poland. As well as this, she has organised photography and journalism workshops for junior high school pupils from Toru\u0144, Zamo\u015b\u0107 and Wieliczka, plus creative writing classes (among others) for high school pupils and seniors from \u015awidnica. The author and organizer of the Artistic Summer in Plac Pokoju (\u201cPeace Square\u201d), Bo\u017cena has received a cultural award from the President of \u015awidnica. We have been married for almost 30 years now and have two adult sons. Our parish has been in existence since 1652, when permission for the church to be built was first issued. Since that time, services have been constantly conducted here. To begin with, people prayed in a temporary structure, which was referred to as \u201cGod\u2019s Hut\u201d. In 1657 the first service took place within the Church\u2019s walls, and the faithful have been praying there ever since. This continuity is truly an exceptional case, as after World War II there was a huge movement of population in the area. Lower Silesia became a part of the Polish state and its German, mostly Protestant inhabitants, left to find a home in other lands. The newcomers from different parts of Poland were mostly Catholics. The Church of Peace, which was accustomed to [&hellip;]<\/p>\n","protected":false},"author":1,"featured_media":0,"parent":0,"menu_order":0,"comment_status":"open","ping_status":"open","template":"","meta":{"footnotes":""},"yoast_head":"<!-- This site is optimized with the Yoast SEO plugin v20.4 - https:\/\/yoast.com\/wordpress\/plugins\/seo\/ -->\n<title>About us \/ The Curch of Peace in \u015awidnica<\/title>\n<meta name=\"description\" content=\"Welcome to the Church of Peace in \u015awidnica \u2013 a place where history has been made since 1657!\" \/>\n<meta name=\"robots\" content=\"index, follow, max-snippet:-1, max-image-preview:large, max-video-preview:-1\" \/>\n<link rel=\"canonical\" href=\"https:\/\/kosciolpokoju.pl\/en\/about-us\/\" \/>\n<meta property=\"og:locale\" content=\"en_US\" \/>\n<meta property=\"og:type\" content=\"article\" \/>\n<meta property=\"og:title\" content=\"About us \/ The Curch of Peace in \u015awidnica\" \/>\n<meta property=\"og:description\" content=\"Welcome to the Church of Peace in \u015awidnica \u2013 a place where history has been made since 1657!\" \/>\n<meta property=\"og:url\" content=\"https:\/\/kosciolpokoju.pl\/en\/about-us\/\" \/>\n<meta property=\"og:site_name\" content=\"Church of Peace | EN\" \/>\n<meta property=\"article:modified_time\" content=\"2016-04-06T09:24:54+00:00\" \/>\n<meta property=\"og:image\" content=\"https:\/\/kosciolpokoju.pl\/en\/wp-content\/uploads\/sites\/2\/2015\/01\/bp1.jpg\" \/>\n<meta name=\"twitter:card\" content=\"summary_large_image\" \/>\n<meta name=\"twitter:label1\" content=\"Est. reading time\" \/>\n\t<meta name=\"twitter:data1\" content=\"4 minutes\" \/>\n<script type=\"application\/ld+json\" class=\"yoast-schema-graph\">{\"@context\":\"https:\/\/schema.org\",\"@graph\":[{\"@type\":\"WebPage\",\"@id\":\"https:\/\/kosciolpokoju.pl\/en\/about-us\/\",\"url\":\"https:\/\/kosciolpokoju.pl\/en\/about-us\/\",\"name\":\"About us \/ The Curch of Peace in \u015awidnica\",\"isPartOf\":{\"@id\":\"https:\/\/kosciolpokoju.pl\/en\/#website\"},\"datePublished\":\"2015-01-24T15:33:50+00:00\",\"dateModified\":\"2016-04-06T09:24:54+00:00\",\"description\":\"Welcome to the Church of Peace in \u015awidnica \u2013 a place where history has been made since 1657!\",\"breadcrumb\":{\"@id\":\"https:\/\/kosciolpokoju.pl\/en\/about-us\/#breadcrumb\"},\"inLanguage\":\"en-US\",\"potentialAction\":[{\"@type\":\"ReadAction\",\"target\":[\"https:\/\/kosciolpokoju.pl\/en\/about-us\/\"]}]},{\"@type\":\"BreadcrumbList\",\"@id\":\"https:\/\/kosciolpokoju.pl\/en\/about-us\/#breadcrumb\",\"itemListElement\":[{\"@type\":\"ListItem\",\"position\":1,\"name\":\"Strona g\u0142\u00f3wna\",\"item\":\"https:\/\/kosciolpokoju.pl\/en\/\"},{\"@type\":\"ListItem\",\"position\":2,\"name\":\"About us\"}]},{\"@type\":\"WebSite\",\"@id\":\"https:\/\/kosciolpokoju.pl\/en\/#website\",\"url\":\"https:\/\/kosciolpokoju.pl\/en\/\",\"name\":\"Church of Peace | EN\",\"description\":\"The largest wooden baroque church in the world!\",\"potentialAction\":[{\"@type\":\"SearchAction\",\"target\":{\"@type\":\"EntryPoint\",\"urlTemplate\":\"https:\/\/kosciolpokoju.pl\/en\/?s={search_term_string}\"},\"query-input\":\"required name=search_term_string\"}],\"inLanguage\":\"en-US\"}]}<\/script>\n<!-- \/ Yoast SEO plugin. -->","yoast_head_json":{"title":"About us \/ The Curch of Peace in \u015awidnica","description":"Welcome to the Church of Peace in \u015awidnica \u2013 a place where history has been made since 1657!","robots":{"index":"index","follow":"follow","max-snippet":"max-snippet:-1","max-image-preview":"max-image-preview:large","max-video-preview":"max-video-preview:-1"},"canonical":"https:\/\/kosciolpokoju.pl\/en\/about-us\/","og_locale":"en_US","og_type":"article","og_title":"About us \/ The Curch of Peace in \u015awidnica","og_description":"Welcome to the Church of Peace in \u015awidnica \u2013 a place where history has been made since 1657!","og_url":"https:\/\/kosciolpokoju.pl\/en\/about-us\/","og_site_name":"Church of Peace | EN","article_modified_time":"2016-04-06T09:24:54+00:00","og_image":[{"url":"https:\/\/kosciolpokoju.pl\/en\/wp-content\/uploads\/sites\/2\/2015\/01\/bp1.jpg"}],"twitter_card":"summary_large_image","twitter_misc":{"Est. reading time":"4 minutes"},"schema":{"@context":"https:\/\/schema.org","@graph":[{"@type":"WebPage","@id":"https:\/\/kosciolpokoju.pl\/en\/about-us\/","url":"https:\/\/kosciolpokoju.pl\/en\/about-us\/","name":"About us \/ The Curch of Peace in \u015awidnica","isPartOf":{"@id":"https:\/\/kosciolpokoju.pl\/en\/#website"},"datePublished":"2015-01-24T15:33:50+00:00","dateModified":"2016-04-06T09:24:54+00:00","description":"Welcome to the Church of Peace in \u015awidnica \u2013 a place where history has been made since 1657!","breadcrumb":{"@id":"https:\/\/kosciolpokoju.pl\/en\/about-us\/#breadcrumb"},"inLanguage":"en-US","potentialAction":[{"@type":"ReadAction","target":["https:\/\/kosciolpokoju.pl\/en\/about-us\/"]}]},{"@type":"BreadcrumbList","@id":"https:\/\/kosciolpokoju.pl\/en\/about-us\/#breadcrumb","itemListElement":[{"@type":"ListItem","position":1,"name":"Strona g\u0142\u00f3wna","item":"https:\/\/kosciolpokoju.pl\/en\/"},{"@type":"ListItem","position":2,"name":"About us"}]},{"@type":"WebSite","@id":"https:\/\/kosciolpokoju.pl\/en\/#website","url":"https:\/\/kosciolpokoju.pl\/en\/","name":"Church of Peace | EN","description":"The largest wooden baroque church in the world!","potentialAction":[{"@type":"SearchAction","target":{"@type":"EntryPoint","urlTemplate":"https:\/\/kosciolpokoju.pl\/en\/?s={search_term_string}"},"query-input":"required name=search_term_string"}],"inLanguage":"en-US"}]}},"_links":{"self":[{"href":"https:\/\/kosciolpokoju.pl\/en\/wp-json\/wp\/v2\/pages\/42"}],"collection":[{"href":"https:\/\/kosciolpokoju.pl\/en\/wp-json\/wp\/v2\/pages"}],"about":[{"href":"https:\/\/kosciolpokoju.pl\/en\/wp-json\/wp\/v2\/types\/page"}],"author":[{"embeddable":true,"href":"https:\/\/kosciolpokoju.pl\/en\/wp-json\/wp\/v2\/users\/1"}],"replies":[{"embeddable":true,"href":"https:\/\/kosciolpokoju.pl\/en\/wp-json\/wp\/v2\/comments?post=42"}],"version-history":[{"count":3,"href":"https:\/\/kosciolpokoju.pl\/en\/wp-json\/wp\/v2\/pages\/42\/revisions"}],"predecessor-version":[{"id":1746,"href":"https:\/\/kosciolpokoju.pl\/en\/wp-json\/wp\/v2\/pages\/42\/revisions\/1746"}],"wp:attachment":[{"href":"https:\/\/kosciolpokoju.pl\/en\/wp-json\/wp\/v2\/media?parent=42"}],"curies":[{"name":"wp","href":"https:\/\/api.w.org\/{rel}","templated":true}]}}