{"id":44,"date":"2015-01-24T15:35:35","date_gmt":"2015-01-24T15:35:35","guid":{"rendered":"http:\/\/imicreationlive.com\/adore-church\/?page_id=44"},"modified":"2016-04-20T08:32:24","modified_gmt":"2016-04-20T08:32:24","slug":"unesco","status":"publish","type":"page","link":"https:\/\/kosciolpokoju.pl\/en\/unesco\/","title":{"rendered":"UNESCO"},"content":{"rendered":"<h3 style=\"text-align: center;\">The most prestigious list of the most valuable cultural and natural sites that are considered common good of the mankind and granted special protection by the UNESCO.<\/h3>\n<p>Each year, the World Heritage Committee decides which objects should be inscribed on the list, based on the uniqueness of a\u00a0given object on a\u00a0world scale. At present, the list includes 1007 sites in 161 countries.<\/p>\n<p>In Poland, the honour has been awarded to 13\u00a0places, which together form the League of Polish UNESCO Towns and Sites. The Church of Peace was inscribed on the World Heritage List of UNESCO in 2001 as a\u00a0unique testimony of faith, religious community, and architectural solutions. It is one of only three World Heritage Sites in Lower Silesia, the other two are the Centennial Hall in Wroc\u0142aw and the Church of Peace in Jawor.<\/p>\n<p>The justification behind including the church on the list is as follows:<\/p>\n<blockquote><p>&#8220;As a\u00a0consequence of the order imposed by the Austrian monarchy of the Habsburgs over these lands, the construction of the Churches of Peace required unprecedented, complex architectural and constructional solutions that had not been previously used, especially for wooden buildings. Their surprising uniqueness is also a\u00a0result of the fact that despite popular scepticism about the durability and reliability of the buildings, they have survived to this day. The Churches of Peace are an exceptional testimony of the development of a\u00a0particular political force in 17th century Europe, one filled with spiritual power and dedication. The Churches of Peace in Jawor and \u015awidnica are the largest timber-framed sacred objects in Europe. Both of these Protestant churches were built in the middle of the 17th century after the Thirty Years&#8217; War that had laid waste to vast parts of Europe. By signing the peace treaty in Westphalia in 1648, the Austrian monarch allowed the Protestants in Lower Silesia to build three &#8220;churches of peace&#8221;. They were meant as a\u00a0commemoration of the devastating war and the end of a\u00a0religious conflict.&#8221;<\/p><\/blockquote>\n<h3 style=\"text-align: center;\">In the vicinity of the Church of Peace, in the old bell-ringer&#8217;s house, we created the UNESCO Centre for the Promotion and Partnership.<\/h3>\n<p>In 2010, we created the Lower Silesian UNESCO Trail. We set out on a\u00a0journey to several towns and cities from the list &#8211; Toru\u0144, Zamo\u015b\u0107, Krak\u00f3w and Wieliczka. In each location we presented our monuments, the film &#8220;Pastor&#8217;s Secret&#8221; (&#8220;Tajemnica pastora&#8221;) and the performance entitled &#8220;This is not the way the wise man travels&#8221; (&#8220;M\u0105dry tak nie podr\u00f3\u017cuje&#8221;) based on a\u00a0diary of a\u00a017th-century inhabitant of \u015awidnica who travelled 4000 km on foot, on horseback and by ship to various European courts to gather money for the construction of the Church of Peace in \u015awidnica.<\/p>\n<h3 style=\"text-align: center;\"><span style=\"color: #000000;\">\u00a0<\/span><\/h3>\n<p>&nbsp;<\/p>\n","protected":false},"excerpt":{"rendered":"<p>The most prestigious list of the most valuable cultural and natural sites that are considered common good of the mankind and granted special protection by the UNESCO. Each year, the World Heritage Committee decides which objects should be inscribed on the list, based on the uniqueness of a\u00a0given object on a\u00a0world scale. At present, the list includes 1007 sites in 161 countries. In Poland, the honour has been awarded to 13\u00a0places, which together form the League of Polish UNESCO Towns and Sites. The Church of Peace was inscribed on the World Heritage List of UNESCO in 2001 as a\u00a0unique testimony of faith, religious community, and architectural solutions. It is one of only three World Heritage Sites in Lower Silesia, the other two are the Centennial Hall in Wroc\u0142aw and the Church of Peace in Jawor. The justification behind including the church on the list is as follows: &#8220;As a\u00a0consequence of the order imposed by the Austrian monarchy of the Habsburgs over these lands, the construction of the Churches of Peace required unprecedented, complex architectural and constructional solutions that had not been previously used, especially for wooden buildings. Their surprising uniqueness is also a\u00a0result of the fact that despite popular scepticism about the durability and reliability of the buildings, they have survived to this day. The Churches of Peace are an exceptional testimony of the development of a\u00a0particular political force in 17th century Europe, one filled with spiritual power and dedication. The Churches of Peace in Jawor and \u015awidnica are the largest timber-framed sacred objects in Europe. Both of these Protestant churches were built in the middle of the 17th century after the Thirty Years&#8217; War that had laid waste to vast parts of Europe. By signing the peace treaty in Westphalia in 1648, the Austrian monarch allowed the Protestants in Lower Silesia to build three &#8220;churches of peace&#8221;. They were meant as a\u00a0commemoration of the devastating war and the end of a\u00a0religious conflict.&#8221; In the vicinity of the Church of Peace, in the old bell-ringer&#8217;s house, we created the UNESCO Centre for the Promotion and Partnership. In 2010, we created the Lower Silesian UNESCO Trail. We set out on a\u00a0journey to several towns and cities from the list &#8211; Toru\u0144, Zamo\u015b\u0107, Krak\u00f3w and Wieliczka. In each location we presented our monuments, the film &#8220;Pastor&#8217;s Secret&#8221; (&#8220;Tajemnica pastora&#8221;) and the performance entitled &#8220;This is not the way the wise man travels&#8221; (&#8220;M\u0105dry tak nie podr\u00f3\u017cuje&#8221;) based on a\u00a0diary of a\u00a017th-century inhabitant of \u015awidnica who travelled 4000 km on foot, on horseback and by ship to various European courts to gather money for the construction of the Church of Peace in \u015awidnica. \u00a0 &nbsp;<\/p>\n","protected":false},"author":1,"featured_media":0,"parent":0,"menu_order":0,"comment_status":"open","ping_status":"open","template":"","meta":{"footnotes":""},"yoast_head":"<!-- This site is optimized with the Yoast SEO plugin v20.4 - https:\/\/yoast.com\/wordpress\/plugins\/seo\/ -->\n<title>UNESCO \/ Ko\u015bci\u00f3\u0142 Pokoju w \u015awidnicy<\/title>\n<meta name=\"description\" content=\"To najbardziej presti\u017cowa lista obejmuj\u0105ca obiekty kulturowe i przyrodnicze o najwi\u0119kszej warto\u015bci kulturowej.\" \/>\n<meta name=\"robots\" content=\"index, follow, max-snippet:-1, max-image-preview:large, max-video-preview:-1\" \/>\n<link rel=\"canonical\" href=\"https:\/\/kosciolpokoju.pl\/en\/unesco\/\" \/>\n<meta property=\"og:locale\" content=\"en_US\" \/>\n<meta property=\"og:type\" content=\"article\" \/>\n<meta property=\"og:title\" content=\"UNESCO \/ Ko\u015bci\u00f3\u0142 Pokoju w \u015awidnicy\" \/>\n<meta property=\"og:description\" content=\"To najbardziej presti\u017cowa lista obejmuj\u0105ca obiekty kulturowe i przyrodnicze o najwi\u0119kszej warto\u015bci kulturowej.\" \/>\n<meta property=\"og:url\" content=\"https:\/\/kosciolpokoju.pl\/en\/unesco\/\" \/>\n<meta property=\"og:site_name\" content=\"Church of Peace | EN\" \/>\n<meta property=\"article:modified_time\" content=\"2016-04-20T08:32:24+00:00\" \/>\n<meta name=\"twitter:card\" content=\"summary_large_image\" \/>\n<meta name=\"twitter:label1\" content=\"Est. reading time\" \/>\n\t<meta name=\"twitter:data1\" content=\"2 minutes\" \/>\n<script type=\"application\/ld+json\" class=\"yoast-schema-graph\">{\"@context\":\"https:\/\/schema.org\",\"@graph\":[{\"@type\":\"WebPage\",\"@id\":\"https:\/\/kosciolpokoju.pl\/en\/unesco\/\",\"url\":\"https:\/\/kosciolpokoju.pl\/en\/unesco\/\",\"name\":\"UNESCO \/ Ko\u015bci\u00f3\u0142 Pokoju w \u015awidnicy\",\"isPartOf\":{\"@id\":\"https:\/\/kosciolpokoju.pl\/en\/#website\"},\"datePublished\":\"2015-01-24T15:35:35+00:00\",\"dateModified\":\"2016-04-20T08:32:24+00:00\",\"description\":\"To najbardziej presti\u017cowa lista obejmuj\u0105ca obiekty kulturowe i przyrodnicze o najwi\u0119kszej warto\u015bci kulturowej.\",\"breadcrumb\":{\"@id\":\"https:\/\/kosciolpokoju.pl\/en\/unesco\/#breadcrumb\"},\"inLanguage\":\"en-US\",\"potentialAction\":[{\"@type\":\"ReadAction\",\"target\":[\"https:\/\/kosciolpokoju.pl\/en\/unesco\/\"]}]},{\"@type\":\"BreadcrumbList\",\"@id\":\"https:\/\/kosciolpokoju.pl\/en\/unesco\/#breadcrumb\",\"itemListElement\":[{\"@type\":\"ListItem\",\"position\":1,\"name\":\"Strona g\u0142\u00f3wna\",\"item\":\"https:\/\/kosciolpokoju.pl\/en\/\"},{\"@type\":\"ListItem\",\"position\":2,\"name\":\"UNESCO\"}]},{\"@type\":\"WebSite\",\"@id\":\"https:\/\/kosciolpokoju.pl\/en\/#website\",\"url\":\"https:\/\/kosciolpokoju.pl\/en\/\",\"name\":\"Church of Peace | EN\",\"description\":\"The largest wooden baroque church in the world!\",\"potentialAction\":[{\"@type\":\"SearchAction\",\"target\":{\"@type\":\"EntryPoint\",\"urlTemplate\":\"https:\/\/kosciolpokoju.pl\/en\/?s={search_term_string}\"},\"query-input\":\"required name=search_term_string\"}],\"inLanguage\":\"en-US\"}]}<\/script>\n<!-- \/ Yoast SEO plugin. -->","yoast_head_json":{"title":"UNESCO \/ Ko\u015bci\u00f3\u0142 Pokoju w \u015awidnicy","description":"To najbardziej presti\u017cowa lista obejmuj\u0105ca obiekty kulturowe i przyrodnicze o najwi\u0119kszej warto\u015bci kulturowej.","robots":{"index":"index","follow":"follow","max-snippet":"max-snippet:-1","max-image-preview":"max-image-preview:large","max-video-preview":"max-video-preview:-1"},"canonical":"https:\/\/kosciolpokoju.pl\/en\/unesco\/","og_locale":"en_US","og_type":"article","og_title":"UNESCO \/ Ko\u015bci\u00f3\u0142 Pokoju w \u015awidnicy","og_description":"To najbardziej presti\u017cowa lista obejmuj\u0105ca obiekty kulturowe i przyrodnicze o najwi\u0119kszej warto\u015bci kulturowej.","og_url":"https:\/\/kosciolpokoju.pl\/en\/unesco\/","og_site_name":"Church of Peace | EN","article_modified_time":"2016-04-20T08:32:24+00:00","twitter_card":"summary_large_image","twitter_misc":{"Est. reading time":"2 minutes"},"schema":{"@context":"https:\/\/schema.org","@graph":[{"@type":"WebPage","@id":"https:\/\/kosciolpokoju.pl\/en\/unesco\/","url":"https:\/\/kosciolpokoju.pl\/en\/unesco\/","name":"UNESCO \/ Ko\u015bci\u00f3\u0142 Pokoju w \u015awidnicy","isPartOf":{"@id":"https:\/\/kosciolpokoju.pl\/en\/#website"},"datePublished":"2015-01-24T15:35:35+00:00","dateModified":"2016-04-20T08:32:24+00:00","description":"To najbardziej presti\u017cowa lista obejmuj\u0105ca obiekty kulturowe i przyrodnicze o najwi\u0119kszej warto\u015bci kulturowej.","breadcrumb":{"@id":"https:\/\/kosciolpokoju.pl\/en\/unesco\/#breadcrumb"},"inLanguage":"en-US","potentialAction":[{"@type":"ReadAction","target":["https:\/\/kosciolpokoju.pl\/en\/unesco\/"]}]},{"@type":"BreadcrumbList","@id":"https:\/\/kosciolpokoju.pl\/en\/unesco\/#breadcrumb","itemListElement":[{"@type":"ListItem","position":1,"name":"Strona g\u0142\u00f3wna","item":"https:\/\/kosciolpokoju.pl\/en\/"},{"@type":"ListItem","position":2,"name":"UNESCO"}]},{"@type":"WebSite","@id":"https:\/\/kosciolpokoju.pl\/en\/#website","url":"https:\/\/kosciolpokoju.pl\/en\/","name":"Church of Peace | EN","description":"The largest wooden baroque church in the world!","potentialAction":[{"@type":"SearchAction","target":{"@type":"EntryPoint","urlTemplate":"https:\/\/kosciolpokoju.pl\/en\/?s={search_term_string}"},"query-input":"required name=search_term_string"}],"inLanguage":"en-US"}]}},"_links":{"self":[{"href":"https:\/\/kosciolpokoju.pl\/en\/wp-json\/wp\/v2\/pages\/44"}],"collection":[{"href":"https:\/\/kosciolpokoju.pl\/en\/wp-json\/wp\/v2\/pages"}],"about":[{"href":"https:\/\/kosciolpokoju.pl\/en\/wp-json\/wp\/v2\/types\/page"}],"author":[{"embeddable":true,"href":"https:\/\/kosciolpokoju.pl\/en\/wp-json\/wp\/v2\/users\/1"}],"replies":[{"embeddable":true,"href":"https:\/\/kosciolpokoju.pl\/en\/wp-json\/wp\/v2\/comments?post=44"}],"version-history":[{"count":3,"href":"https:\/\/kosciolpokoju.pl\/en\/wp-json\/wp\/v2\/pages\/44\/revisions"}],"predecessor-version":[{"id":1757,"href":"https:\/\/kosciolpokoju.pl\/en\/wp-json\/wp\/v2\/pages\/44\/revisions\/1757"}],"wp:attachment":[{"href":"https:\/\/kosciolpokoju.pl\/en\/wp-json\/wp\/v2\/media?parent=44"}],"curies":[{"name":"wp","href":"https:\/\/api.w.org\/{rel}","templated":true}]}}