{"id":503,"date":"2015-08-17T09:44:53","date_gmt":"2015-08-17T09:44:53","guid":{"rendered":"http:\/\/kp.janwizerunek.pl\/?page_id=503"},"modified":"2016-03-30T15:55:24","modified_gmt":"2016-03-30T15:55:24","slug":"tastes","status":"publish","type":"page","link":"https:\/\/kosciolpokoju.pl\/en\/tastes\/","title":{"rendered":"Tastes"},"content":{"rendered":"<h3 style=\"text-align: center;\" align=\"LEFT\">A\u00a0visit to the Church of Peace and the Square of Peace is a\u00a0journey in time. A\u00a0visit to our Baroccafe is a\u00a0journey around Lower Silesia and its wonderful flavours.<span style=\"color: #000000;\"><br \/>\n<\/span><\/h3>\n<p>We believe in the idea behind the Slow Food movement, and as such, the food we serve comes from local producers in our region. The products come from small Lower-Silesian ecological farms, cheese makers, bakeries and vineyards. Some of them have been inscribed on the ministry&#8217;s list of traditional products.<\/p>\n\n\t\t<style type=\"text\/css\">\n\t\t\t#gallery-1 {\n\t\t\t\tmargin: auto;\n\t\t\t}\n\t\t\t#gallery-1 .gallery-item {\n\t\t\t\tfloat: left;\n\t\t\t\tmargin-top: 10px;\n\t\t\t\ttext-align: center;\n\t\t\t\twidth: 16%;\n\t\t\t}\n\t\t\t#gallery-1 img {\n\t\t\t\tborder: 2px solid #cfcfcf;\n\t\t\t}\n\t\t\t#gallery-1 .gallery-caption {\n\t\t\t\tmargin-left: 0;\n\t\t\t}\n\t\t\t\/* see gallery_shortcode() in wp-includes\/media.php *\/\n\t\t<\/style>\n\t\t<div id='gallery-1' class='gallery galleryid-503 gallery-columns-6 gallery-size-thumbnail'><dl class='gallery-item'>\n\t\t\t<dt class='gallery-icon landscape'>\n\t\t\t\t<a href='https:\/\/kosciolpokoju.pl\/en\/wp-content\/uploads\/sites\/2\/2015\/08\/IMG_2891.jpg' title=\"\" data-rl_title=\"\" class=\"rl-gallery-link\" data-rl_caption=\"\" data-rel=\"lightbox-gallery-1\"><img loading=\"lazy\" decoding=\"async\" width=\"150\" height=\"150\" src=\"https:\/\/kosciolpokoju.pl\/en\/wp-content\/uploads\/sites\/2\/2015\/08\/IMG_2891-150x150.jpg\" class=\"attachment-thumbnail size-thumbnail\" alt=\"\" srcset=\"https:\/\/kosciolpokoju.pl\/en\/wp-content\/uploads\/sites\/2\/2015\/08\/IMG_2891-150x150.jpg 150w, https:\/\/kosciolpokoju.pl\/en\/wp-content\/uploads\/sites\/2\/2015\/08\/IMG_2891-300x300.jpg 300w, https:\/\/kosciolpokoju.pl\/en\/wp-content\/uploads\/sites\/2\/2015\/08\/IMG_2891-100x100.jpg 100w, https:\/\/kosciolpokoju.pl\/en\/wp-content\/uploads\/sites\/2\/2015\/08\/IMG_2891-400x400.jpg 400w, https:\/\/kosciolpokoju.pl\/en\/wp-content\/uploads\/sites\/2\/2015\/08\/IMG_2891-210x210.jpg 210w, https:\/\/kosciolpokoju.pl\/en\/wp-content\/uploads\/sites\/2\/2015\/08\/IMG_2891.jpg 600w\" sizes=\"(max-width: 150px) 100vw, 150px\" \/><\/a>\n\t\t\t<\/dt><\/dl><dl class='gallery-item'>\n\t\t\t<dt class='gallery-icon landscape'>\n\t\t\t\t<a href='https:\/\/kosciolpokoju.pl\/en\/wp-content\/uploads\/sites\/2\/2015\/08\/IMG_2933.jpg' title=\"\" data-rl_title=\"\" class=\"rl-gallery-link\" data-rl_caption=\"\" data-rel=\"lightbox-gallery-1\"><img loading=\"lazy\" decoding=\"async\" width=\"150\" height=\"150\" src=\"https:\/\/kosciolpokoju.pl\/en\/wp-content\/uploads\/sites\/2\/2015\/08\/IMG_2933-150x150.jpg\" class=\"attachment-thumbnail size-thumbnail\" alt=\"\" srcset=\"https:\/\/kosciolpokoju.pl\/en\/wp-content\/uploads\/sites\/2\/2015\/08\/IMG_2933-150x150.jpg 150w, https:\/\/kosciolpokoju.pl\/en\/wp-content\/uploads\/sites\/2\/2015\/08\/IMG_2933-300x300.jpg 300w, https:\/\/kosciolpokoju.pl\/en\/wp-content\/uploads\/sites\/2\/2015\/08\/IMG_2933-100x100.jpg 100w, https:\/\/kosciolpokoju.pl\/en\/wp-content\/uploads\/sites\/2\/2015\/08\/IMG_2933-400x400.jpg 400w, https:\/\/kosciolpokoju.pl\/en\/wp-content\/uploads\/sites\/2\/2015\/08\/IMG_2933-210x210.jpg 210w, https:\/\/kosciolpokoju.pl\/en\/wp-content\/uploads\/sites\/2\/2015\/08\/IMG_2933.jpg 900w\" sizes=\"(max-width: 150px) 100vw, 150px\" \/><\/a>\n\t\t\t<\/dt><\/dl><dl class='gallery-item'>\n\t\t\t<dt class='gallery-icon landscape'>\n\t\t\t\t<a href='https:\/\/kosciolpokoju.pl\/en\/wp-content\/uploads\/sites\/2\/2015\/08\/IMG_2971.jpg' title=\"\" data-rl_title=\"\" class=\"rl-gallery-link\" data-rl_caption=\"\" data-rel=\"lightbox-gallery-1\"><img loading=\"lazy\" decoding=\"async\" width=\"150\" height=\"150\" src=\"https:\/\/kosciolpokoju.pl\/en\/wp-content\/uploads\/sites\/2\/2015\/08\/IMG_2971-150x150.jpg\" class=\"attachment-thumbnail size-thumbnail\" alt=\"\" srcset=\"https:\/\/kosciolpokoju.pl\/en\/wp-content\/uploads\/sites\/2\/2015\/08\/IMG_2971-150x150.jpg 150w, https:\/\/kosciolpokoju.pl\/en\/wp-content\/uploads\/sites\/2\/2015\/08\/IMG_2971-300x300.jpg 300w, https:\/\/kosciolpokoju.pl\/en\/wp-content\/uploads\/sites\/2\/2015\/08\/IMG_2971-100x100.jpg 100w, https:\/\/kosciolpokoju.pl\/en\/wp-content\/uploads\/sites\/2\/2015\/08\/IMG_2971-400x400.jpg 400w, https:\/\/kosciolpokoju.pl\/en\/wp-content\/uploads\/sites\/2\/2015\/08\/IMG_2971-210x210.jpg 210w, https:\/\/kosciolpokoju.pl\/en\/wp-content\/uploads\/sites\/2\/2015\/08\/IMG_2971.jpg 900w\" sizes=\"(max-width: 150px) 100vw, 150px\" \/><\/a>\n\t\t\t<\/dt><\/dl><dl class='gallery-item'>\n\t\t\t<dt class='gallery-icon landscape'>\n\t\t\t\t<a href='https:\/\/kosciolpokoju.pl\/en\/wp-content\/uploads\/sites\/2\/2015\/08\/IMG_3002.jpg' title=\"\" data-rl_title=\"\" class=\"rl-gallery-link\" data-rl_caption=\"\" data-rel=\"lightbox-gallery-1\"><img loading=\"lazy\" decoding=\"async\" width=\"150\" height=\"150\" src=\"https:\/\/kosciolpokoju.pl\/en\/wp-content\/uploads\/sites\/2\/2015\/08\/IMG_3002-150x150.jpg\" class=\"attachment-thumbnail size-thumbnail\" alt=\"\" srcset=\"https:\/\/kosciolpokoju.pl\/en\/wp-content\/uploads\/sites\/2\/2015\/08\/IMG_3002-150x150.jpg 150w, https:\/\/kosciolpokoju.pl\/en\/wp-content\/uploads\/sites\/2\/2015\/08\/IMG_3002-300x300.jpg 300w, https:\/\/kosciolpokoju.pl\/en\/wp-content\/uploads\/sites\/2\/2015\/08\/IMG_3002-100x100.jpg 100w, https:\/\/kosciolpokoju.pl\/en\/wp-content\/uploads\/sites\/2\/2015\/08\/IMG_3002-400x400.jpg 400w, https:\/\/kosciolpokoju.pl\/en\/wp-content\/uploads\/sites\/2\/2015\/08\/IMG_3002-210x210.jpg 210w, https:\/\/kosciolpokoju.pl\/en\/wp-content\/uploads\/sites\/2\/2015\/08\/IMG_3002.jpg 900w\" sizes=\"(max-width: 150px) 100vw, 150px\" \/><\/a>\n\t\t\t<\/dt><\/dl><dl class='gallery-item'>\n\t\t\t<dt class='gallery-icon landscape'>\n\t\t\t\t<a href='https:\/\/kosciolpokoju.pl\/en\/wp-content\/uploads\/sites\/2\/2015\/08\/IMG_3038.jpg' title=\"\" data-rl_title=\"\" class=\"rl-gallery-link\" data-rl_caption=\"\" data-rel=\"lightbox-gallery-1\"><img loading=\"lazy\" decoding=\"async\" width=\"150\" height=\"150\" src=\"https:\/\/kosciolpokoju.pl\/en\/wp-content\/uploads\/sites\/2\/2015\/08\/IMG_3038-150x150.jpg\" class=\"attachment-thumbnail size-thumbnail\" alt=\"\" srcset=\"https:\/\/kosciolpokoju.pl\/en\/wp-content\/uploads\/sites\/2\/2015\/08\/IMG_3038-150x150.jpg 150w, https:\/\/kosciolpokoju.pl\/en\/wp-content\/uploads\/sites\/2\/2015\/08\/IMG_3038-300x300.jpg 300w, https:\/\/kosciolpokoju.pl\/en\/wp-content\/uploads\/sites\/2\/2015\/08\/IMG_3038-100x100.jpg 100w, https:\/\/kosciolpokoju.pl\/en\/wp-content\/uploads\/sites\/2\/2015\/08\/IMG_3038-400x400.jpg 400w, https:\/\/kosciolpokoju.pl\/en\/wp-content\/uploads\/sites\/2\/2015\/08\/IMG_3038-210x210.jpg 210w, https:\/\/kosciolpokoju.pl\/en\/wp-content\/uploads\/sites\/2\/2015\/08\/IMG_3038.jpg 900w\" sizes=\"(max-width: 150px) 100vw, 150px\" \/><\/a>\n\t\t\t<\/dt><\/dl><dl class='gallery-item'>\n\t\t\t<dt class='gallery-icon landscape'>\n\t\t\t\t<a href='https:\/\/kosciolpokoju.pl\/en\/wp-content\/uploads\/sites\/2\/2015\/08\/IMG_3096.jpg' title=\"\" data-rl_title=\"\" class=\"rl-gallery-link\" data-rl_caption=\"\" data-rel=\"lightbox-gallery-1\"><img loading=\"lazy\" decoding=\"async\" width=\"150\" height=\"150\" src=\"https:\/\/kosciolpokoju.pl\/en\/wp-content\/uploads\/sites\/2\/2015\/08\/IMG_3096-150x150.jpg\" class=\"attachment-thumbnail size-thumbnail\" alt=\"\" srcset=\"https:\/\/kosciolpokoju.pl\/en\/wp-content\/uploads\/sites\/2\/2015\/08\/IMG_3096-150x150.jpg 150w, https:\/\/kosciolpokoju.pl\/en\/wp-content\/uploads\/sites\/2\/2015\/08\/IMG_3096-300x300.jpg 300w, https:\/\/kosciolpokoju.pl\/en\/wp-content\/uploads\/sites\/2\/2015\/08\/IMG_3096-100x100.jpg 100w, https:\/\/kosciolpokoju.pl\/en\/wp-content\/uploads\/sites\/2\/2015\/08\/IMG_3096-400x400.jpg 400w, https:\/\/kosciolpokoju.pl\/en\/wp-content\/uploads\/sites\/2\/2015\/08\/IMG_3096-210x210.jpg 210w, https:\/\/kosciolpokoju.pl\/en\/wp-content\/uploads\/sites\/2\/2015\/08\/IMG_3096.jpg 900w\" sizes=\"(max-width: 150px) 100vw, 150px\" \/><\/a>\n\t\t\t<\/dt><\/dl><br style=\"clear: both\" \/><dl class='gallery-item'>\n\t\t\t<dt class='gallery-icon landscape'>\n\t\t\t\t<a href='https:\/\/kosciolpokoju.pl\/en\/wp-content\/uploads\/sites\/2\/2015\/08\/IMG_3137.jpg' title=\"\" data-rl_title=\"\" class=\"rl-gallery-link\" data-rl_caption=\"\" data-rel=\"lightbox-gallery-1\"><img loading=\"lazy\" decoding=\"async\" width=\"150\" height=\"150\" src=\"https:\/\/kosciolpokoju.pl\/en\/wp-content\/uploads\/sites\/2\/2015\/08\/IMG_3137-150x150.jpg\" class=\"attachment-thumbnail size-thumbnail\" alt=\"\" srcset=\"https:\/\/kosciolpokoju.pl\/en\/wp-content\/uploads\/sites\/2\/2015\/08\/IMG_3137-150x150.jpg 150w, https:\/\/kosciolpokoju.pl\/en\/wp-content\/uploads\/sites\/2\/2015\/08\/IMG_3137-300x300.jpg 300w, https:\/\/kosciolpokoju.pl\/en\/wp-content\/uploads\/sites\/2\/2015\/08\/IMG_3137-100x100.jpg 100w, https:\/\/kosciolpokoju.pl\/en\/wp-content\/uploads\/sites\/2\/2015\/08\/IMG_3137-400x400.jpg 400w, https:\/\/kosciolpokoju.pl\/en\/wp-content\/uploads\/sites\/2\/2015\/08\/IMG_3137-210x210.jpg 210w, https:\/\/kosciolpokoju.pl\/en\/wp-content\/uploads\/sites\/2\/2015\/08\/IMG_3137.jpg 900w\" sizes=\"(max-width: 150px) 100vw, 150px\" \/><\/a>\n\t\t\t<\/dt><\/dl><dl class='gallery-item'>\n\t\t\t<dt class='gallery-icon landscape'>\n\t\t\t\t<a href='https:\/\/kosciolpokoju.pl\/en\/wp-content\/uploads\/sites\/2\/2015\/08\/IMG_3122.jpg' title=\"\" data-rl_title=\"\" class=\"rl-gallery-link\" data-rl_caption=\"\" data-rel=\"lightbox-gallery-1\"><img loading=\"lazy\" decoding=\"async\" width=\"150\" height=\"150\" src=\"https:\/\/kosciolpokoju.pl\/en\/wp-content\/uploads\/sites\/2\/2015\/08\/IMG_3122-150x150.jpg\" class=\"attachment-thumbnail size-thumbnail\" alt=\"\" srcset=\"https:\/\/kosciolpokoju.pl\/en\/wp-content\/uploads\/sites\/2\/2015\/08\/IMG_3122-150x150.jpg 150w, https:\/\/kosciolpokoju.pl\/en\/wp-content\/uploads\/sites\/2\/2015\/08\/IMG_3122-300x300.jpg 300w, https:\/\/kosciolpokoju.pl\/en\/wp-content\/uploads\/sites\/2\/2015\/08\/IMG_3122-100x100.jpg 100w, https:\/\/kosciolpokoju.pl\/en\/wp-content\/uploads\/sites\/2\/2015\/08\/IMG_3122-400x400.jpg 400w, https:\/\/kosciolpokoju.pl\/en\/wp-content\/uploads\/sites\/2\/2015\/08\/IMG_3122-210x210.jpg 210w, https:\/\/kosciolpokoju.pl\/en\/wp-content\/uploads\/sites\/2\/2015\/08\/IMG_3122.jpg 663w\" sizes=\"(max-width: 150px) 100vw, 150px\" \/><\/a>\n\t\t\t<\/dt><\/dl>\n\t\t\t<br style='clear: both' \/>\n\t\t<\/div>\n\n<p>We encourage our guests to try great cheeses made from cow&#8217;s and goat&#8217;s milk, wholemeal bread on rye ferment, cold meats made from Mangalica pigs, gingerbread made with buckwheat honey, aronia jam and Silesian beer &amp; wine. We guarantee top quality produce and a cosy atmosphere. The Baroccafe is located in the old Gatekeeper\u2019s Houseman&#8217;s house. For a\u00a0time at the beginning of the 18th century, it was the home of an exceptional lodger, Benjamin Schmolck, who was a\u00a0pastor of \u015awidnica and a\u00a0poet. He wrote 1200 songs that are still being sung by Lutherans all over the world.<\/p>\n<p lang=\"pl-PL\" align=\"LEFT\"><span style=\"color: #000000;\"><strong>The atmosphere of this place deserves to be experienced with all senses<\/strong><br \/>\n<\/span><\/p>\n<p lang=\"pl-PL\" align=\"LEFT\"><span style=\"color: #000000;\"><strong>\u00a0<\/strong><\/span><\/p>\n<p lang=\"pl-PL\" align=\"LEFT\"><span style=\"color: #000000;\"><strong><a href=\"https:\/\/kosciolpokoju.pl\/wp-content\/uploads\/2015\/08\/BC_LOGO.png\" data-rel=\"lightbox-image-8\" data-rl_title=\"\" data-rl_caption=\"\" title=\"\"><img decoding=\"async\" class=\"size-full wp-image-738 alignleft\" src=\"https:\/\/kosciolpokoju.pl\/wp-content\/uploads\/2015\/08\/BC_LOGO.png\" alt=\"BC_LOGO\" \/><\/a><\/strong><\/span><strong>The Baroccafe is open all year-round,<br \/>\nin the summer in the garden by the fountain<br \/>\nand in the winter by the warm fireplace.<\/strong><strong> <span style=\"color: #000000;\"><br \/>\nplac Pokoju 7, 58-100 \u015awidnica<br \/>\n<\/span><\/strong><\/p>\n","protected":false},"excerpt":{"rendered":"<p>A\u00a0visit to the Church of Peace and the Square of Peace is a\u00a0journey in time. A\u00a0visit to our Baroccafe is a\u00a0journey around Lower Silesia and its wonderful flavours. We believe in the idea behind the Slow Food movement, and as such, the food we serve comes from local producers in our region. The products come from small Lower-Silesian ecological farms, cheese makers, bakeries and vineyards. Some of them have been inscribed on the ministry&#8217;s list of traditional products. We encourage our guests to try great cheeses made from cow&#8217;s and goat&#8217;s milk, wholemeal bread on rye ferment, cold meats made from Mangalica pigs, gingerbread made with buckwheat honey, aronia jam and Silesian beer &amp; wine. We guarantee top quality produce and a cosy atmosphere. The Baroccafe is located in the old Gatekeeper\u2019s Houseman&#8217;s house. For a\u00a0time at the beginning of the 18th century, it was the home of an exceptional lodger, Benjamin Schmolck, who was a\u00a0pastor of \u015awidnica and a\u00a0poet. He wrote 1200 songs that are still being sung by Lutherans all over the world. The atmosphere of this place deserves to be experienced with all senses \u00a0 The Baroccafe is open all year-round, in the summer in the garden by the fountain and in the winter by the warm fireplace. plac Pokoju 7, 58-100 \u015awidnica<\/p>\n","protected":false},"author":1,"featured_media":0,"parent":0,"menu_order":0,"comment_status":"open","ping_status":"open","template":"","meta":{"footnotes":""},"yoast_head":"<!-- This site is optimized with the Yoast SEO plugin v20.4 - https:\/\/yoast.com\/wordpress\/plugins\/seo\/ -->\n<title>Baroccafe \/ Ko\u015bci\u00f3\u0142 Pokoju w \u015awidnicy<\/title>\n<meta name=\"description\" content=\"Podr\u00f3\u017c po Dolnym \u015al\u0105sku, po jego wyj\u0105tkowych smakach. Zapraszamy serdeczenie!\" \/>\n<meta name=\"robots\" content=\"index, follow, max-snippet:-1, max-image-preview:large, max-video-preview:-1\" \/>\n<link rel=\"canonical\" href=\"https:\/\/kosciolpokoju.pl\/en\/tastes\/\" \/>\n<meta property=\"og:locale\" content=\"en_US\" \/>\n<meta property=\"og:type\" content=\"article\" \/>\n<meta property=\"og:title\" content=\"Baroccafe \/ Ko\u015bci\u00f3\u0142 Pokoju w \u015awidnicy\" \/>\n<meta property=\"og:description\" content=\"Podr\u00f3\u017c po Dolnym \u015al\u0105sku, po jego wyj\u0105tkowych smakach. Zapraszamy serdeczenie!\" \/>\n<meta property=\"og:url\" content=\"https:\/\/kosciolpokoju.pl\/en\/tastes\/\" \/>\n<meta property=\"og:site_name\" content=\"Church of Peace | EN\" \/>\n<meta property=\"article:modified_time\" content=\"2016-03-30T15:55:24+00:00\" \/>\n<meta property=\"og:image\" content=\"https:\/\/kosciolpokoju.pl\/en\/wp-content\/uploads\/sites\/2\/2015\/08\/IMG_2891-150x150.jpg\" \/>\n<meta name=\"twitter:card\" content=\"summary_large_image\" \/>\n<meta name=\"twitter:label1\" content=\"Est. reading time\" \/>\n\t<meta name=\"twitter:data1\" content=\"1 minute\" \/>\n<script type=\"application\/ld+json\" class=\"yoast-schema-graph\">{\"@context\":\"https:\/\/schema.org\",\"@graph\":[{\"@type\":\"WebPage\",\"@id\":\"https:\/\/kosciolpokoju.pl\/en\/tastes\/\",\"url\":\"https:\/\/kosciolpokoju.pl\/en\/tastes\/\",\"name\":\"Baroccafe \/ Ko\u015bci\u00f3\u0142 Pokoju w \u015awidnicy\",\"isPartOf\":{\"@id\":\"https:\/\/kosciolpokoju.pl\/en\/#website\"},\"datePublished\":\"2015-08-17T09:44:53+00:00\",\"dateModified\":\"2016-03-30T15:55:24+00:00\",\"description\":\"Podr\u00f3\u017c po Dolnym \u015al\u0105sku, po jego wyj\u0105tkowych smakach. Zapraszamy serdeczenie!\",\"breadcrumb\":{\"@id\":\"https:\/\/kosciolpokoju.pl\/en\/tastes\/#breadcrumb\"},\"inLanguage\":\"en-US\",\"potentialAction\":[{\"@type\":\"ReadAction\",\"target\":[\"https:\/\/kosciolpokoju.pl\/en\/tastes\/\"]}]},{\"@type\":\"BreadcrumbList\",\"@id\":\"https:\/\/kosciolpokoju.pl\/en\/tastes\/#breadcrumb\",\"itemListElement\":[{\"@type\":\"ListItem\",\"position\":1,\"name\":\"Strona g\u0142\u00f3wna\",\"item\":\"https:\/\/kosciolpokoju.pl\/en\/\"},{\"@type\":\"ListItem\",\"position\":2,\"name\":\"Tastes\"}]},{\"@type\":\"WebSite\",\"@id\":\"https:\/\/kosciolpokoju.pl\/en\/#website\",\"url\":\"https:\/\/kosciolpokoju.pl\/en\/\",\"name\":\"Church of Peace | EN\",\"description\":\"The largest wooden baroque church in the world!\",\"potentialAction\":[{\"@type\":\"SearchAction\",\"target\":{\"@type\":\"EntryPoint\",\"urlTemplate\":\"https:\/\/kosciolpokoju.pl\/en\/?s={search_term_string}\"},\"query-input\":\"required name=search_term_string\"}],\"inLanguage\":\"en-US\"}]}<\/script>\n<!-- \/ Yoast SEO plugin. -->","yoast_head_json":{"title":"Baroccafe \/ Ko\u015bci\u00f3\u0142 Pokoju w \u015awidnicy","description":"Podr\u00f3\u017c po Dolnym \u015al\u0105sku, po jego wyj\u0105tkowych smakach. Zapraszamy serdeczenie!","robots":{"index":"index","follow":"follow","max-snippet":"max-snippet:-1","max-image-preview":"max-image-preview:large","max-video-preview":"max-video-preview:-1"},"canonical":"https:\/\/kosciolpokoju.pl\/en\/tastes\/","og_locale":"en_US","og_type":"article","og_title":"Baroccafe \/ Ko\u015bci\u00f3\u0142 Pokoju w \u015awidnicy","og_description":"Podr\u00f3\u017c po Dolnym \u015al\u0105sku, po jego wyj\u0105tkowych smakach. Zapraszamy serdeczenie!","og_url":"https:\/\/kosciolpokoju.pl\/en\/tastes\/","og_site_name":"Church of Peace | EN","article_modified_time":"2016-03-30T15:55:24+00:00","og_image":[{"url":"https:\/\/kosciolpokoju.pl\/en\/wp-content\/uploads\/sites\/2\/2015\/08\/IMG_2891-150x150.jpg"}],"twitter_card":"summary_large_image","twitter_misc":{"Est. reading time":"1 minute"},"schema":{"@context":"https:\/\/schema.org","@graph":[{"@type":"WebPage","@id":"https:\/\/kosciolpokoju.pl\/en\/tastes\/","url":"https:\/\/kosciolpokoju.pl\/en\/tastes\/","name":"Baroccafe \/ Ko\u015bci\u00f3\u0142 Pokoju w \u015awidnicy","isPartOf":{"@id":"https:\/\/kosciolpokoju.pl\/en\/#website"},"datePublished":"2015-08-17T09:44:53+00:00","dateModified":"2016-03-30T15:55:24+00:00","description":"Podr\u00f3\u017c po Dolnym \u015al\u0105sku, po jego wyj\u0105tkowych smakach. Zapraszamy serdeczenie!","breadcrumb":{"@id":"https:\/\/kosciolpokoju.pl\/en\/tastes\/#breadcrumb"},"inLanguage":"en-US","potentialAction":[{"@type":"ReadAction","target":["https:\/\/kosciolpokoju.pl\/en\/tastes\/"]}]},{"@type":"BreadcrumbList","@id":"https:\/\/kosciolpokoju.pl\/en\/tastes\/#breadcrumb","itemListElement":[{"@type":"ListItem","position":1,"name":"Strona g\u0142\u00f3wna","item":"https:\/\/kosciolpokoju.pl\/en\/"},{"@type":"ListItem","position":2,"name":"Tastes"}]},{"@type":"WebSite","@id":"https:\/\/kosciolpokoju.pl\/en\/#website","url":"https:\/\/kosciolpokoju.pl\/en\/","name":"Church of Peace | EN","description":"The largest wooden baroque church in the world!","potentialAction":[{"@type":"SearchAction","target":{"@type":"EntryPoint","urlTemplate":"https:\/\/kosciolpokoju.pl\/en\/?s={search_term_string}"},"query-input":"required name=search_term_string"}],"inLanguage":"en-US"}]}},"_links":{"self":[{"href":"https:\/\/kosciolpokoju.pl\/en\/wp-json\/wp\/v2\/pages\/503"}],"collection":[{"href":"https:\/\/kosciolpokoju.pl\/en\/wp-json\/wp\/v2\/pages"}],"about":[{"href":"https:\/\/kosciolpokoju.pl\/en\/wp-json\/wp\/v2\/types\/page"}],"author":[{"embeddable":true,"href":"https:\/\/kosciolpokoju.pl\/en\/wp-json\/wp\/v2\/users\/1"}],"replies":[{"embeddable":true,"href":"https:\/\/kosciolpokoju.pl\/en\/wp-json\/wp\/v2\/comments?post=503"}],"version-history":[{"count":5,"href":"https:\/\/kosciolpokoju.pl\/en\/wp-json\/wp\/v2\/pages\/503\/revisions"}],"predecessor-version":[{"id":1726,"href":"https:\/\/kosciolpokoju.pl\/en\/wp-json\/wp\/v2\/pages\/503\/revisions\/1726"}],"wp:attachment":[{"href":"https:\/\/kosciolpokoju.pl\/en\/wp-json\/wp\/v2\/media?parent=503"}],"curies":[{"name":"wp","href":"https:\/\/api.w.org\/{rel}","templated":true}]}}